{"id":18409,"date":"2026-01-16T11:25:27","date_gmt":"2026-01-16T10:25:27","guid":{"rendered":"https:\/\/www.spedizionecomoda.com\/?page_id=18409"},"modified":"2026-01-16T12:42:05","modified_gmt":"2026-01-16T11:42:05","slug":"test11","status":"publish","type":"page","link":"https:\/\/www.spedizionecomoda.com\/en\/test11\/","title":{"rendered":"Test11"},"content":{"rendered":"<style>\n  .minimal-table-wrapper {<br \/>    overflow-x: auto;<br \/>    -webkit-overflow-scrolling: touch;<br \/>  }<\/p>\n<p>  .minimal-table {<br \/>    width: 100%;<br \/>    min-width: 700px;<br \/>    border-collapse: separate;<br \/>    border-spacing: 0;<br \/>    border: 1px solid #e0e0e0;<br \/>    border-radius: 12px;<br \/>    overflow: hidden;<br \/>  }<\/p>\n<p>  .minimal-table th,<br \/>  .minimal-table td {<br \/>    padding: 18px 30px;<br \/>    text-align: left;<br \/>    border-bottom: 1px solid #e0e0e0;<br \/>  }<\/p>\n<p>  .minimal-table thead th {<br \/>    background-color: #f5f7f5;<br \/>    color: #174680;<br \/>    font-weight: 600;<br \/>  }<\/p>\n<p>  .minimal-table tbody tr:last-child td {<br \/>    border-bottom: none;<br \/>  }<\/p>\n<p>  .minimal-table tbody tr:hover {<br \/>    background-color: #fafafa;<br \/>  }<\/p>\n<p>  .minimal-table a {<br \/>    color: #174680;<br \/>    text-decoration: underline;<br \/>  }<\/p>\n<p>  .minimal-table a:hover {<br \/>    color: #0d2d4d;<br \/>  }<\/p>\n<p>  \/* Wider columns *\/<br \/>  .minimal-table th:first-child,<br \/>  .minimal-table td:first-child {<br \/>    width: 25%;<br \/>  }<\/p>\n<p>  .minimal-table th:nth-child(2),<br \/>  .minimal-table td:nth-child(2) {<br \/>    width: 40%;<br \/>  }<\/p>\n<p>  .minimal-table th:last-child,<br \/>  .minimal-table td:last-child {<br \/>    width: 35%;<br \/>  }<br \/><\/style>\n<table>\n<thead>\n<tr>\n<th>Cosa misuri<\/th>\n<th>Come farlo<\/th>\n<th>Errore comune<\/th>\n<\/tr>\n<\/thead>\n<tbody>\n<tr>\n<td>Peso reale<\/td>\n<td>bilancia (anche da cucina per piccoli colli) \u2705<\/td>\n<td>stimare &#8220;a occhio&#8221; \u274c<\/td>\n<\/tr>\n<tr>\n<td>L \u00d7 W \u00d7 H<\/td>\n<td>misura il pacco gi\u00e0 chiuso \u2705<\/td>\n<td>scatola troppo grande \u2192 peso volumetrico alto \u274c<\/td>\n<\/tr>\n<tr>\n<td>Imballo finale<\/td>\n<td>considera rinforzi\/imbottitura \u2705<\/td>\n<td>misurare prima di chiudere \u274c<\/td>\n<\/tr>\n<\/tbody>\n<\/table>\n<table id=\"tablepress-20-no-9\">\n<caption style=\"caption-side:bottom;text-align:left;border:none;background:none;margin:0;padding:0;\"><a href=\"https:\/\/www.spedizionecomoda.com\/wp-admin\/admin.php?page=tablepress&#038;action=edit&#038;table_id=20\" rel=\"nofollow\">Edit<\/a><\/caption>\n<thead>\n<tr>\n<th>Peso<\/th>\n<th>Tempi di consegna (ore)<\/th>\n<th>Metodo di trasporto<\/th>\n<th>Tariffa<\/th>\n<\/tr>\n<\/thead>\n<tbody>\n<tr>\n<td>1 kg<\/td>\n<td>24<\/td>\n<td>Aereo<\/td>\n<td>21,00\u20ac<\/td>\n<\/tr>\n<tr>\n<td>20 kg<\/td>\n<td>24<\/td>\n<td>Aereo<\/td>\n<td>69,22\u20ac<\/td>\n<\/tr>\n<\/tbody>\n<\/table>\n<style>\n  .minimal-table-wrapper {<br \/>    overflow-x: auto;<br \/>    -webkit-overflow-scrolling: touch;<br \/>  }<\/p>\n<p>  .minimal-table {<br \/>    width: 100%;<br \/>    min-width: 700px;<br \/>    border-collapse: separate;<br \/>    border-spacing: 0;<br \/>    border: 1px solid #e0e0e0;<br \/>    border-radius: 12px;<br \/>    overflow: hidden;<br \/>  }<\/p>\n<p>  .minimal-table th,<br \/>  .minimal-table td {<br \/>    padding: 18px 30px;<br \/>    text-align: left;<br \/>    border-bottom: 1px solid #e0e0e0;<br \/>  }<\/p>\n<p>  .minimal-table thead th {<br \/>    background-color: #f5f7f5;<br \/>    color: #174680;<br \/>    font-weight: 600;<br \/>  }<\/p>\n<p>  .minimal-table tbody tr:last-child td {<br \/>    border-bottom: none;<br \/>  }<\/p>\n<p>  .minimal-table tbody tr:hover {<br \/>    background-color: #fafafa;<br \/>  }<\/p>\n<p>  .minimal-table a {<br \/>    color: #174680;<br \/>    text-decoration: underline;<br \/>  }<\/p>\n<p>  .minimal-table a:hover {<br \/>    color: #0d2d4d;<br \/>  }<\/p>\n<p>  \/* Wider columns *\/<br \/>  .minimal-table th:first-child,<br \/>  .minimal-table td:first-child {<br \/>    width: 25%;<br \/>  }<\/p>\n<p>  .minimal-table th:nth-child(2),<br \/>  .minimal-table td:nth-child(2) {<br \/>    width: 40%;<br \/>  }<\/p>\n<p>  .minimal-table th:last-child,<br \/>  .minimal-table td:last-child {<br \/>    width: 35%;<br \/>  }<br \/><\/style>\n<table>\n<thead>\n<tr>\n<th>Cosa misuri<\/th>\n<th>Come farlo<\/th>\n<th>Errore comune<\/th>\n<\/tr>\n<\/thead>\n<tbody>\n<tr>\n<td>Peso reale<\/td>\n<td>bilancia (anche da cucina per piccoli colli) \u2705<\/td>\n<td>stimare &#8220;a occhio&#8221; \u274c<\/td>\n<\/tr>\n<tr>\n<td>L \u00d7 W \u00d7 H<\/td>\n<td>misura il pacco gi\u00e0 chiuso \u2705<\/td>\n<td>scatola troppo grande \u2192 peso volumetrico alto \u274c<\/td>\n<\/tr>\n<tr>\n<td>Imballo finale<\/td>\n<td>considera rinforzi\/imbottitura \u2705<\/td>\n<td>misurare prima di chiudere \u274c<\/td>\n<\/tr>\n<\/tbody>\n<\/table>\n","protected":false},"excerpt":{"rendered":"<p>Cosa misuri Come farlo Errore comune Peso reale bilancia (anche da cucina per piccoli colli) \u2705 stimare &#8220;a occhio&#8221; \u274c L \u00d7 W \u00d7 H misura il pacco gi\u00e0 chiuso \u2705 scatola troppo grande \u2192 peso volumetrico alto \u274c Imballo finale considera rinforzi\/imbottitura \u2705 misurare prima di chiudere \u274c Edit Peso Tempi di consegna (ore)&#8230;<\/p>\n","protected":false},"author":10,"featured_media":0,"parent":0,"menu_order":0,"comment_status":"closed","ping_status":"closed","template":"","meta":{"_kad_blocks_custom_css":"","_kad_blocks_head_custom_js":"","_kad_blocks_body_custom_js":"","_kad_blocks_footer_custom_js":"","_kad_post_transparent":"","_kad_post_title":"","_kad_post_layout":"","_kad_post_sidebar_id":"","_kad_post_content_style":"","_kad_post_vertical_padding":"","_kad_post_feature":"","_kad_post_feature_position":"","_kad_post_header":false,"_kad_post_footer":false,"_kad_post_classname":"","footnotes":""},"class_list":["post-18409","page","type-page","status-publish","hentry"],"taxonomy_info":[],"featured_image_src_large":false,"author_info":{"display_name":"trejka","author_link":"https:\/\/www.spedizionecomoda.com\/en\/blog\/author\/trejka\/"},"comment_info":0,"_links":{"self":[{"href":"https:\/\/www.spedizionecomoda.com\/en\/wp-json\/wp\/v2\/pages\/18409","targetHints":{"allow":["GET"]}}],"collection":[{"href":"https:\/\/www.spedizionecomoda.com\/en\/wp-json\/wp\/v2\/pages"}],"about":[{"href":"https:\/\/www.spedizionecomoda.com\/en\/wp-json\/wp\/v2\/types\/page"}],"author":[{"embeddable":true,"href":"https:\/\/www.spedizionecomoda.com\/en\/wp-json\/wp\/v2\/users\/10"}],"replies":[{"embeddable":true,"href":"https:\/\/www.spedizionecomoda.com\/en\/wp-json\/wp\/v2\/comments?post=18409"}],"version-history":[{"count":0,"href":"https:\/\/www.spedizionecomoda.com\/en\/wp-json\/wp\/v2\/pages\/18409\/revisions"}],"wp:attachment":[{"href":"https:\/\/www.spedizionecomoda.com\/en\/wp-json\/wp\/v2\/media?parent=18409"}],"curies":[{"name":"wp","href":"https:\/\/api.w.org\/{rel}","templated":true}]}}